{"id":8295,"date":"2026-01-06T12:57:49","date_gmt":"2026-01-06T12:57:49","guid":{"rendered":"https:\/\/amiicandles.ee\/?post_type=product&#038;p=8295"},"modified":"2026-04-20T04:10:01","modified_gmt":"2026-04-20T04:10:01","slug":"naturaalsed-rattanpulgad-5tk","status":"publish","type":"product","link":"https:\/\/amiicandles.ee\/en\/toode\/naturaalsed-rattanpulgad-5tk\/","title":{"rendered":"Naturaalsed rattanpulgad 5tk"},"content":{"rendered":"<p>Andke oma kasutatud ruumil\u00f5hnastajale uus v\u00e4ljan\u00e4gemine vahetades vanad rattanpulgad uute vastu. Ruumil\u00f5hnastajate t\u00e4itepudeleid m\u00fc\u00fcakse eraldi.<\/p>\n<p>Mida rohkem pulkasid ruumil\u00f5hnastajasse lisate, seda tugevam on aroom. L\u00f5hna elavdamiseks soovitame korra n\u00e4dalas pulgad pudelis ringi p\u00f6\u00f6rata. Pulkade p\u00f6\u00f6ramisel palume kasutada kindaid v\u00f5i majapidamispaberit.<\/p>\n<p>Pikkus 26 cm, diameeter 4 cm.<\/p>\n","protected":false},"excerpt":{"rendered":"<p>Andke oma kasutatud ruumil\u00f5hnastajale uus v\u00e4ljan\u00e4gemine vahetades vanad rattanpulgad uute vastu. Ruumil\u00f5hnastajate t\u00e4itepudeleid m\u00fc\u00fcakse eraldi. Mida rohkem pulkasid ruumil\u00f5hnastajasse lisate, seda tugevam on aroom. L\u00f5hna elavdamiseks soovitame korra n\u00e4dalas pulgad pudelis ringi p\u00f6\u00f6rata. Pulkade p\u00f6\u00f6ramisel palume kasutada kindaid v\u00f5i majapidamispaberit. Pikkus 26 cm, diameeter 4 cm.<\/p>\n","protected":false},"featured_media":8296,"comment_status":"open","ping_status":"closed","template":"","meta":[],"product_brand":[],"product_cat":[182,189],"product_tag":[],"class_list":{"0":"post-8295","1":"product","2":"type-product","3":"status-publish","4":"has-post-thumbnail","6":"product_cat-kodu","7":"product_cat-fiiberpulgad-2","9":"first","10":"instock","11":"taxable","12":"shipping-taxable","13":"purchasable","14":"product-type-simple"},"_links":{"self":[{"href":"https:\/\/amiicandles.ee\/en\/wp-json\/wp\/v2\/product\/8295","targetHints":{"allow":["GET"]}}],"collection":[{"href":"https:\/\/amiicandles.ee\/en\/wp-json\/wp\/v2\/product"}],"about":[{"href":"https:\/\/amiicandles.ee\/en\/wp-json\/wp\/v2\/types\/product"}],"replies":[{"embeddable":true,"href":"https:\/\/amiicandles.ee\/en\/wp-json\/wp\/v2\/comments?post=8295"}],"version-history":[{"count":1,"href":"https:\/\/amiicandles.ee\/en\/wp-json\/wp\/v2\/product\/8295\/revisions"}],"predecessor-version":[{"id":8298,"href":"https:\/\/amiicandles.ee\/en\/wp-json\/wp\/v2\/product\/8295\/revisions\/8298"}],"wp:featuredmedia":[{"embeddable":true,"href":"https:\/\/amiicandles.ee\/en\/wp-json\/wp\/v2\/media\/8296"}],"wp:attachment":[{"href":"https:\/\/amiicandles.ee\/en\/wp-json\/wp\/v2\/media?parent=8295"}],"wp:term":[{"taxonomy":"product_brand","embeddable":true,"href":"https:\/\/amiicandles.ee\/en\/wp-json\/wp\/v2\/product_brand?post=8295"},{"taxonomy":"product_cat","embeddable":true,"href":"https:\/\/amiicandles.ee\/en\/wp-json\/wp\/v2\/product_cat?post=8295"},{"taxonomy":"product_tag","embeddable":true,"href":"https:\/\/amiicandles.ee\/en\/wp-json\/wp\/v2\/product_tag?post=8295"}],"curies":[{"name":"wp","href":"https:\/\/api.w.org\/{rel}","templated":true}]}}