{"id":5305,"date":"2024-11-18T10:01:44","date_gmt":"2024-11-18T10:01:44","guid":{"rendered":"https:\/\/amiicandles.ee\/?post_type=product&#038;p=5305"},"modified":"2026-04-09T12:10:42","modified_gmt":"2026-04-09T12:10:42","slug":"roosakaslilla-kuunlavarv-10-g","status":"publish","type":"product","link":"https:\/\/amiicandles.ee\/en\/toode\/roosakaslilla-kuunlavarv-10-g\/","title":{"rendered":"Roosakaslilla k\u00fc\u00fcnlav\u00e4rv (10 g)"},"content":{"rendered":"<p>1-2 g k\u00fc\u00fcnlav\u00e4rvi 100 g sojavaha kohta.<\/p>\n","protected":false},"excerpt":{"rendered":"<p>1-2 g k\u00fc\u00fcnlav\u00e4rvi 100 g sojavaha kohta.<\/p>\n","protected":false},"featured_media":5306,"comment_status":"open","ping_status":"closed","template":"","meta":[],"product_brand":[],"product_cat":[199,203],"product_tag":[],"class_list":{"0":"post-5305","1":"product","2":"type-product","3":"status-publish","4":"has-post-thumbnail","6":"product_cat-isetegijale","7":"product_cat-kuunlavarvid-2","9":"first","10":"instock","11":"taxable","12":"shipping-taxable","13":"purchasable","14":"product-type-simple"},"_links":{"self":[{"href":"https:\/\/amiicandles.ee\/en\/wp-json\/wp\/v2\/product\/5305","targetHints":{"allow":["GET"]}}],"collection":[{"href":"https:\/\/amiicandles.ee\/en\/wp-json\/wp\/v2\/product"}],"about":[{"href":"https:\/\/amiicandles.ee\/en\/wp-json\/wp\/v2\/types\/product"}],"replies":[{"embeddable":true,"href":"https:\/\/amiicandles.ee\/en\/wp-json\/wp\/v2\/comments?post=5305"}],"version-history":[{"count":0,"href":"https:\/\/amiicandles.ee\/en\/wp-json\/wp\/v2\/product\/5305\/revisions"}],"wp:featuredmedia":[{"embeddable":true,"href":"https:\/\/amiicandles.ee\/en\/wp-json\/wp\/v2\/media\/5306"}],"wp:attachment":[{"href":"https:\/\/amiicandles.ee\/en\/wp-json\/wp\/v2\/media?parent=5305"}],"wp:term":[{"taxonomy":"product_brand","embeddable":true,"href":"https:\/\/amiicandles.ee\/en\/wp-json\/wp\/v2\/product_brand?post=5305"},{"taxonomy":"product_cat","embeddable":true,"href":"https:\/\/amiicandles.ee\/en\/wp-json\/wp\/v2\/product_cat?post=5305"},{"taxonomy":"product_tag","embeddable":true,"href":"https:\/\/amiicandles.ee\/en\/wp-json\/wp\/v2\/product_tag?post=5305"}],"curies":[{"name":"wp","href":"https:\/\/api.w.org\/{rel}","templated":true}]}}