{"id":5177,"date":"2024-11-08T07:35:11","date_gmt":"2024-11-08T07:35:11","guid":{"rendered":"https:\/\/amiicandles.ee\/?post_type=product&#038;p=5177"},"modified":"2026-04-05T08:50:11","modified_gmt":"2026-04-05T08:50:11","slug":"umar-kristalne-kuunlaalus","status":"publish","type":"product","link":"https:\/\/amiicandles.ee\/en\/toode\/umar-kristalne-kuunlaalus\/","title":{"rendered":"\u00dcmar kristalne k\u00fc\u00fcnlaalus"},"content":{"rendered":"<p>K\u00fc\u00fcnlaalus on sobilik nii teek\u00fc\u00fcnalde alusena kui ka puuderk\u00fc\u00fcnla anumana.<\/p>\n<p>Diameeter 10,5 cm.<\/p>\n","protected":false},"excerpt":{"rendered":"<p>K\u00fc\u00fcnlaalus on sobilik nii teek\u00fc\u00fcnalde alusena kui ka puuderk\u00fc\u00fcnla anumana. Diameeter 10,5 cm.<\/p>\n","protected":false},"featured_media":5178,"comment_status":"open","ping_status":"closed","template":"","meta":[],"product_brand":[],"product_cat":[182,183,215],"product_tag":[],"class_list":{"0":"post-5177","1":"product","2":"type-product","3":"status-publish","4":"has-post-thumbnail","6":"product_cat-kodu","7":"product_cat-kuunlaalused","8":"product_cat-soodus","10":"first","11":"instock","12":"sale","13":"taxable","14":"shipping-taxable","15":"purchasable","16":"product-type-simple"},"_links":{"self":[{"href":"https:\/\/amiicandles.ee\/en\/wp-json\/wp\/v2\/product\/5177","targetHints":{"allow":["GET"]}}],"collection":[{"href":"https:\/\/amiicandles.ee\/en\/wp-json\/wp\/v2\/product"}],"about":[{"href":"https:\/\/amiicandles.ee\/en\/wp-json\/wp\/v2\/types\/product"}],"replies":[{"embeddable":true,"href":"https:\/\/amiicandles.ee\/en\/wp-json\/wp\/v2\/comments?post=5177"}],"version-history":[{"count":1,"href":"https:\/\/amiicandles.ee\/en\/wp-json\/wp\/v2\/product\/5177\/revisions"}],"predecessor-version":[{"id":8530,"href":"https:\/\/amiicandles.ee\/en\/wp-json\/wp\/v2\/product\/5177\/revisions\/8530"}],"wp:featuredmedia":[{"embeddable":true,"href":"https:\/\/amiicandles.ee\/en\/wp-json\/wp\/v2\/media\/5178"}],"wp:attachment":[{"href":"https:\/\/amiicandles.ee\/en\/wp-json\/wp\/v2\/media?parent=5177"}],"wp:term":[{"taxonomy":"product_brand","embeddable":true,"href":"https:\/\/amiicandles.ee\/en\/wp-json\/wp\/v2\/product_brand?post=5177"},{"taxonomy":"product_cat","embeddable":true,"href":"https:\/\/amiicandles.ee\/en\/wp-json\/wp\/v2\/product_cat?post=5177"},{"taxonomy":"product_tag","embeddable":true,"href":"https:\/\/amiicandles.ee\/en\/wp-json\/wp\/v2\/product_tag?post=5177"}],"curies":[{"name":"wp","href":"https:\/\/api.w.org\/{rel}","templated":true}]}}