{"id":415,"date":"2024-07-10T10:14:27","date_gmt":"2024-07-10T10:14:27","guid":{"rendered":"https:\/\/amiicandles.ee\/toode\/kallile-emale\/"},"modified":"2025-06-25T11:26:35","modified_gmt":"2025-06-25T11:26:35","slug":"kallile-emale","status":"publish","type":"product","link":"https:\/\/amiicandles.ee\/en\/toode\/kallile-emale\/","title":{"rendered":"Kallile emale"},"content":{"rendered":"<p>R\u00f5\u00f5musta oma ema kingitusega, mis on pungil headest soovidest ja loob \u00f5dusa meeleolu.<\/p>\n<p>Kinkekomplekti kuuluvad:<br \/>\n110 g k\u00fc\u00fcnal s\u00f5numiga emale (Rabarber ja maasikas)<br \/>\n110 g k\u00fc\u00fcnal &#8220;Armastus&#8221;<br \/>\nMini s\u00e4rak\u00fc\u00fcnalde komplekt (4 tk)<\/p>\n","protected":false},"excerpt":{"rendered":"<p>R\u00f5\u00f5musta oma ema kingitusega, mis on pungil headest soovidest ja loob \u00f5dusa meeleolu. Kinkekomplekti kuuluvad: 110 g k\u00fc\u00fcnal s\u00f5numiga emale (Rabarber ja maasikas) 110 g k\u00fc\u00fcnal &#8220;Armastus&#8221; Mini s\u00e4rak\u00fc\u00fcnalde komplekt (4 tk)<\/p>\n","protected":false},"featured_media":414,"comment_status":"open","ping_status":"closed","template":"","meta":[],"product_brand":[],"product_cat":[131],"product_tag":[],"class_list":{"0":"post-415","1":"product","2":"type-product","3":"status-publish","4":"has-post-thumbnail","6":"product_cat-uncategorized-et","8":"first","9":"instock","10":"taxable","11":"shipping-taxable","12":"purchasable","13":"product-type-simple"},"_links":{"self":[{"href":"https:\/\/amiicandles.ee\/en\/wp-json\/wp\/v2\/product\/415","targetHints":{"allow":["GET"]}}],"collection":[{"href":"https:\/\/amiicandles.ee\/en\/wp-json\/wp\/v2\/product"}],"about":[{"href":"https:\/\/amiicandles.ee\/en\/wp-json\/wp\/v2\/types\/product"}],"replies":[{"embeddable":true,"href":"https:\/\/amiicandles.ee\/en\/wp-json\/wp\/v2\/comments?post=415"}],"version-history":[{"count":0,"href":"https:\/\/amiicandles.ee\/en\/wp-json\/wp\/v2\/product\/415\/revisions"}],"wp:featuredmedia":[{"embeddable":true,"href":"https:\/\/amiicandles.ee\/en\/wp-json\/wp\/v2\/media\/414"}],"wp:attachment":[{"href":"https:\/\/amiicandles.ee\/en\/wp-json\/wp\/v2\/media?parent=415"}],"wp:term":[{"taxonomy":"product_brand","embeddable":true,"href":"https:\/\/amiicandles.ee\/en\/wp-json\/wp\/v2\/product_brand?post=415"},{"taxonomy":"product_cat","embeddable":true,"href":"https:\/\/amiicandles.ee\/en\/wp-json\/wp\/v2\/product_cat?post=415"},{"taxonomy":"product_tag","embeddable":true,"href":"https:\/\/amiicandles.ee\/en\/wp-json\/wp\/v2\/product_tag?post=415"}],"curies":[{"name":"wp","href":"https:\/\/api.w.org\/{rel}","templated":true}]}}