{"id":1557,"date":"2024-07-10T09:53:20","date_gmt":"2024-07-10T09:53:20","guid":{"rendered":"https:\/\/amiicandles.ee\/toode\/imede-aeg\/"},"modified":"2026-04-08T04:50:04","modified_gmt":"2026-04-08T04:50:04","slug":"imede-aeg","status":"publish","type":"product","link":"https:\/\/amiicandles.ee\/en\/toode\/imede-aeg\/","title":{"rendered":"The time of miracles"},"content":{"rendered":"<p>Sojavahast l\u00f5hnak\u00fc\u00fcnal &#8220;The time of miracles&#8221;<br \/>\nA combination of almonds and amaretto mixed with peony for a touch of delicacy.<br \/>\nNet wt 210 g<br \/>\nP\u00f5lemisaeg ca 42 h<\/p>\n","protected":false},"excerpt":{"rendered":"<p>Sojavahast l\u00f5hnak\u00fc\u00fcnal &#8220;The time of miracles&#8221; A combination of almonds and amaretto mixed with peony for a touch of delicacy. Net wt 210 g P\u00f5lemisaeg ca 42 h<\/p>\n","protected":false},"featured_media":3902,"comment_status":"open","ping_status":"closed","template":"","meta":[],"product_brand":[],"product_cat":[264,318,272,317,167,173],"product_tag":[],"class_list":{"0":"post-1557","1":"product","2":"type-product","3":"status-publish","4":"has-post-thumbnail","6":"product_cat-candles","7":"product_cat-christmas","8":"product_cat-fairytale-christmas-candles","9":"product_cat-joulud","10":"product_cat-kuunlad","11":"product_cat-muinasjutulised-joulukuunlad","13":"first","14":"instock","15":"taxable","16":"shipping-taxable","17":"purchasable","18":"product-type-simple"},"_links":{"self":[{"href":"https:\/\/amiicandles.ee\/en\/wp-json\/wp\/v2\/product\/1557","targetHints":{"allow":["GET"]}}],"collection":[{"href":"https:\/\/amiicandles.ee\/en\/wp-json\/wp\/v2\/product"}],"about":[{"href":"https:\/\/amiicandles.ee\/en\/wp-json\/wp\/v2\/types\/product"}],"replies":[{"embeddable":true,"href":"https:\/\/amiicandles.ee\/en\/wp-json\/wp\/v2\/comments?post=1557"}],"version-history":[{"count":0,"href":"https:\/\/amiicandles.ee\/en\/wp-json\/wp\/v2\/product\/1557\/revisions"}],"wp:featuredmedia":[{"embeddable":true,"href":"https:\/\/amiicandles.ee\/en\/wp-json\/wp\/v2\/media\/3902"}],"wp:attachment":[{"href":"https:\/\/amiicandles.ee\/en\/wp-json\/wp\/v2\/media?parent=1557"}],"wp:term":[{"taxonomy":"product_brand","embeddable":true,"href":"https:\/\/amiicandles.ee\/en\/wp-json\/wp\/v2\/product_brand?post=1557"},{"taxonomy":"product_cat","embeddable":true,"href":"https:\/\/amiicandles.ee\/en\/wp-json\/wp\/v2\/product_cat?post=1557"},{"taxonomy":"product_tag","embeddable":true,"href":"https:\/\/amiicandles.ee\/en\/wp-json\/wp\/v2\/product_tag?post=1557"}],"curies":[{"name":"wp","href":"https:\/\/api.w.org\/{rel}","templated":true}]}}