{"id":1556,"date":"2024-07-10T09:53:19","date_gmt":"2024-07-10T09:53:19","guid":{"rendered":"https:\/\/amiicandles.ee\/toode\/joulukeeks\/"},"modified":"2026-04-15T20:40:18","modified_gmt":"2026-04-15T20:40:18","slug":"joulukeeks","status":"publish","type":"product","link":"https:\/\/amiicandles.ee\/en\/toode\/joulukeeks\/","title":{"rendered":"Xmas pudding"},"content":{"rendered":"<p>Sojavahast l\u00f5hnak\u00fc\u00fcnal \u201cXmas pudding\u201d<br \/>\nPleasantly spicy and quite sweet Christmas cake.<br \/>\nNet wt 210 g<br \/>\nP\u00f5lemisaeg ca 42 h<\/p>\n","protected":false},"excerpt":{"rendered":"<p>Sojavahast l\u00f5hnak\u00fc\u00fcnal \u201cXmas pudding\u201d Pleasantly spicy and quite sweet Christmas cake. Net wt 210 g P\u00f5lemisaeg ca 42 h<\/p>\n","protected":false},"featured_media":3908,"comment_status":"open","ping_status":"closed","template":"","meta":[],"product_brand":[],"product_cat":[264,318,272,317,167,173],"product_tag":[],"class_list":{"0":"post-1556","1":"product","2":"type-product","3":"status-publish","4":"has-post-thumbnail","6":"product_cat-candles","7":"product_cat-christmas","8":"product_cat-fairytale-christmas-candles","9":"product_cat-joulud","10":"product_cat-kuunlad","11":"product_cat-muinasjutulised-joulukuunlad","13":"first","14":"instock","15":"taxable","16":"shipping-taxable","17":"purchasable","18":"product-type-simple"},"_links":{"self":[{"href":"https:\/\/amiicandles.ee\/en\/wp-json\/wp\/v2\/product\/1556","targetHints":{"allow":["GET"]}}],"collection":[{"href":"https:\/\/amiicandles.ee\/en\/wp-json\/wp\/v2\/product"}],"about":[{"href":"https:\/\/amiicandles.ee\/en\/wp-json\/wp\/v2\/types\/product"}],"replies":[{"embeddable":true,"href":"https:\/\/amiicandles.ee\/en\/wp-json\/wp\/v2\/comments?post=1556"}],"version-history":[{"count":0,"href":"https:\/\/amiicandles.ee\/en\/wp-json\/wp\/v2\/product\/1556\/revisions"}],"wp:featuredmedia":[{"embeddable":true,"href":"https:\/\/amiicandles.ee\/en\/wp-json\/wp\/v2\/media\/3908"}],"wp:attachment":[{"href":"https:\/\/amiicandles.ee\/en\/wp-json\/wp\/v2\/media?parent=1556"}],"wp:term":[{"taxonomy":"product_brand","embeddable":true,"href":"https:\/\/amiicandles.ee\/en\/wp-json\/wp\/v2\/product_brand?post=1556"},{"taxonomy":"product_cat","embeddable":true,"href":"https:\/\/amiicandles.ee\/en\/wp-json\/wp\/v2\/product_cat?post=1556"},{"taxonomy":"product_tag","embeddable":true,"href":"https:\/\/amiicandles.ee\/en\/wp-json\/wp\/v2\/product_tag?post=1556"}],"curies":[{"name":"wp","href":"https:\/\/api.w.org\/{rel}","templated":true}]}}