{"id":1545,"date":"2024-07-10T09:53:17","date_gmt":"2024-07-10T09:53:17","guid":{"rendered":"https:\/\/amiicandles.ee\/toode\/talve-volumaa\/"},"modified":"2026-04-14T19:10:30","modified_gmt":"2026-04-14T19:10:30","slug":"talve-volumaa","status":"publish","type":"product","link":"https:\/\/amiicandles.ee\/en\/toode\/talve-volumaa\/","title":{"rendered":"Winter wonderland"},"content":{"rendered":"<p>Sojavahast l\u00f5hnak\u00fc\u00fcnal \u201cWinter wonderland\u201d<br \/>\nThe candle carries the scent of a thorny Christmas tree.<br \/>\nNet wt 210 g<br \/>\nP\u00f5lemisaeg ca 42 h<\/p>\n","protected":false},"excerpt":{"rendered":"<p>Sojavahast l\u00f5hnak\u00fc\u00fcnal \u201cWinter wonderland\u201d The candle carries the scent of a thorny Christmas tree. Net wt 210 g P\u00f5lemisaeg ca 42 h<\/p>\n","protected":false},"featured_media":3919,"comment_status":"open","ping_status":"closed","template":"","meta":[],"product_brand":[],"product_cat":[264,318,272],"product_tag":[],"class_list":{"0":"post-1545","1":"product","2":"type-product","3":"status-publish","4":"has-post-thumbnail","6":"product_cat-candles","7":"product_cat-christmas","8":"product_cat-fairytale-christmas-candles","10":"first","11":"instock","12":"taxable","13":"shipping-taxable","14":"purchasable","15":"product-type-simple"},"_links":{"self":[{"href":"https:\/\/amiicandles.ee\/en\/wp-json\/wp\/v2\/product\/1545","targetHints":{"allow":["GET"]}}],"collection":[{"href":"https:\/\/amiicandles.ee\/en\/wp-json\/wp\/v2\/product"}],"about":[{"href":"https:\/\/amiicandles.ee\/en\/wp-json\/wp\/v2\/types\/product"}],"replies":[{"embeddable":true,"href":"https:\/\/amiicandles.ee\/en\/wp-json\/wp\/v2\/comments?post=1545"}],"version-history":[{"count":0,"href":"https:\/\/amiicandles.ee\/en\/wp-json\/wp\/v2\/product\/1545\/revisions"}],"wp:featuredmedia":[{"embeddable":true,"href":"https:\/\/amiicandles.ee\/en\/wp-json\/wp\/v2\/media\/3919"}],"wp:attachment":[{"href":"https:\/\/amiicandles.ee\/en\/wp-json\/wp\/v2\/media?parent=1545"}],"wp:term":[{"taxonomy":"product_brand","embeddable":true,"href":"https:\/\/amiicandles.ee\/en\/wp-json\/wp\/v2\/product_brand?post=1545"},{"taxonomy":"product_cat","embeddable":true,"href":"https:\/\/amiicandles.ee\/en\/wp-json\/wp\/v2\/product_cat?post=1545"},{"taxonomy":"product_tag","embeddable":true,"href":"https:\/\/amiicandles.ee\/en\/wp-json\/wp\/v2\/product_tag?post=1545"}],"curies":[{"name":"wp","href":"https:\/\/api.w.org\/{rel}","templated":true}]}}